{"id":107,"date":"2024-01-16T10:26:37","date_gmt":"2024-01-16T09:26:37","guid":{"rendered":"https:\/\/luxovolt.com\/?page_id=107"},"modified":"2024-01-25T09:47:55","modified_gmt":"2024-01-25T08:47:55","slug":"usluge","status":"publish","type":"page","link":"https:\/\/luxovolt.com\/index.php\/usluge\/","title":{"rendered":"USLUGE"},"content":{"rendered":"<p>[et_pb_section fb_built=&#8221;1&#8243; _builder_version=&#8221;4.23.4&#8243; _module_preset=&#8221;default&#8221; background_color=&#8221;#0C71C3&#8243; background_image=&#8221;https:\/\/luxovolt.com\/wp-content\/uploads\/2024\/01\/Usluge-slika-bg2.jpg&#8221; parallax=&#8221;on&#8221; background_blend=&#8221;multiply&#8221; custom_padding=&#8221;160px||114px|||&#8221; border_radii=&#8221;on|9px|9px|9px|9px&#8221; global_colors_info=&#8221;{}&#8221;][et_pb_row _builder_version=&#8221;4.23.4&#8243; _module_preset=&#8221;default&#8221; custom_padding=&#8221;90px||||false|false&#8221; animation_style=&#8221;slide&#8221; global_colors_info=&#8221;{}&#8221;][et_pb_column type=&#8221;4_4&#8243; _builder_version=&#8221;4.23.4&#8243; _module_preset=&#8221;default&#8221; background_color=&#8221;#faaf40&#8243; custom_padding=&#8221;15px||15px||true|false&#8221; border_radii=&#8221;on|20px|20px|20px|20px&#8221; box_shadow_style=&#8221;preset1&#8243; global_colors_info=&#8221;{}&#8221;][et_pb_text _builder_version=&#8221;4.23.4&#8243; _module_preset=&#8221;default&#8221; text_font=&#8221;Alumni Sans|700|||||||&#8221; text_text_color=&#8221;#FFFFFF&#8221; text_font_size=&#8221;40px&#8221; text_letter_spacing=&#8221;1px&#8221; text_line_height=&#8221;1.2em&#8221; background_color=&#8221;RGBA(255,255,255,0)&#8221; module_alignment=&#8221;center&#8221; custom_margin=&#8221;-9px|||24px|false|false&#8221; custom_padding=&#8221;23px|37px|23px|37px|true|true&#8221; hover_enabled=&#8221;0&#8243; text_text_shadow_style=&#8221;preset1&#8243; global_colors_info=&#8221;{}&#8221; text_font_size_last_edited=&#8221;on|phone&#8221; text_font_size_phone=&#8221;32px&#8221; sticky_enabled=&#8221;0&#8243; text_font_size_tablet=&#8221;40px&#8221;]<\/p>\n<p style=\"text-align: center;\">Od stru\u010dnog zastupanja i subvencije do besprijekorne instalacije, tu smo da transformiramo va\u0161u viziju solarne elektrane u stvarnost \u010diste energije. Pove\u0107ajte vrijednost svoje nekretnine i smanjite tro\u0161kove elektri\u010dne energije.<\/p>\n<p>[\/et_pb_text][\/et_pb_column][\/et_pb_row][et_pb_row _builder_version=&#8221;4.23.4&#8243; _module_preset=&#8221;default&#8221; global_colors_info=&#8221;{}&#8221;][et_pb_column type=&#8221;4_4&#8243; _builder_version=&#8221;4.23.4&#8243; _module_preset=&#8221;default&#8221; global_colors_info=&#8221;{}&#8221;][et_pb_button button_url=&#8221;https:\/\/luxovolt.com\/index.php\/kontakt\/&#8221; button_text=&#8221;KONTAKTIRAJTE NAS&#8221; button_alignment=&#8221;center&#8221; _builder_version=&#8221;4.23.4&#8243; _module_preset=&#8221;default&#8221; custom_button=&#8221;on&#8221; button_text_size=&#8221;26px&#8221; button_text_color=&#8221;#FFFFFF&#8221; button_bg_color=&#8221;#faaf40&#8243; button_border_width=&#8221;7px&#8221; button_border_color=&#8221;#faaf40&#8243; button_border_radius=&#8221;13px&#8221; button_letter_spacing=&#8221;3px&#8221; button_font=&#8221;Alumni Sans|700|||||||&#8221; button_icon=&#8221;&#x24;||divi||400&#8243; background_layout=&#8221;dark&#8221; button_text_shadow_style=&#8221;preset1&#8243; button_text_shadow_color=&#8221;rgba(0,0,0,0.8)&#8221; box_shadow_style=&#8221;preset1&#8243; box_shadow_spread=&#8221;7px&#8221; global_colors_info=&#8221;{}&#8221;][\/et_pb_button][\/et_pb_column][\/et_pb_row][\/et_pb_section][et_pb_section fb_built=&#8221;1&#8243; _builder_version=&#8221;4.23.4&#8243; _module_preset=&#8221;default&#8221; background_image=&#8221;https:\/\/luxovolt.com\/wp-content\/uploads\/2024\/01\/nature-3.png&#8221; global_colors_info=&#8221;{}&#8221;][et_pb_row _builder_version=&#8221;4.23.4&#8243; _module_preset=&#8221;default&#8221; custom_padding=&#8221;8px|||||&#8221; global_colors_info=&#8221;{}&#8221;][et_pb_column type=&#8221;4_4&#8243; _builder_version=&#8221;4.23.4&#8243; _module_preset=&#8221;default&#8221; global_colors_info=&#8221;{}&#8221;][et_pb_text _builder_version=&#8221;4.23.4&#8243; _module_preset=&#8221;default&#8221; text_font=&#8221;Alumni Sans|700|||||||&#8221; text_font_size=&#8221;39px&#8221; text_letter_spacing=&#8221;1px&#8221; header_font=&#8221;Alumni Sans|700|||||||&#8221; custom_padding=&#8221;20px||||false|false&#8221; global_colors_info=&#8221;{}&#8221;]<\/p>\n<p>SAVJETOVANJE<\/p>\n<p>[\/et_pb_text][et_pb_text _builder_version=&#8221;4.23.4&#8243; _module_preset=&#8221;default&#8221; text_font=&#8221;Alumni Sans||||||||&#8221; text_font_size=&#8221;31px&#8221; text_letter_spacing=&#8221;2px&#8221; text_line_height=&#8221;1.1em&#8221; global_colors_info=&#8221;{}&#8221;]<\/p>\n<p>Analiziramo va\u0161e potrebe, pru\u017eamo financijske uvide i nudimo preporuke za energetsku u\u010dinkovitost. Na\u0161 cilj je osiguravati Vam nesmetan prijelaz na solarnu energiju i svjetliju, odr\u017eiviju budu\u0107nost.<\/p>\n<p>[\/et_pb_text][\/et_pb_column][\/et_pb_row][et_pb_row _builder_version=&#8221;4.23.4&#8243; _module_preset=&#8221;default&#8221; custom_padding=&#8221;42px|||||&#8221; global_colors_info=&#8221;{}&#8221;][et_pb_column type=&#8221;4_4&#8243; _builder_version=&#8221;4.23.4&#8243; _module_preset=&#8221;default&#8221; global_colors_info=&#8221;{}&#8221;][et_pb_text _builder_version=&#8221;4.23.4&#8243; _module_preset=&#8221;default&#8221; text_font=&#8221;Alumni Sans|700|||||||&#8221; text_font_size=&#8221;39px&#8221; text_letter_spacing=&#8221;1px&#8221; header_font=&#8221;Alumni Sans|700|||||||&#8221; custom_padding=&#8221;20px||||false|false&#8221; global_colors_info=&#8221;{}&#8221;]<\/p>\n<p>PROJEKTIRANJE<\/p>\n<p>[\/et_pb_text][et_pb_text _builder_version=&#8221;4.23.4&#8243; _module_preset=&#8221;default&#8221; text_font=&#8221;Alumni Sans||||||||&#8221; text_font_size=&#8221;31px&#8221; text_letter_spacing=&#8221;2px&#8221; text_line_height=&#8221;1.1em&#8221; global_colors_info=&#8221;{}&#8221;]<\/p>\n<p>Uz va\u017ee\u0107u zakonsku regulativu i propise, definiramo jasne ciljeve. Projektiramo optimalna rje\u0161enja prilago\u0111ena va\u0161oj lokaciji i objektu osiguravaju\u0107i maksimalnu isplativost solarne elektrane.<\/p>\n<p>[\/et_pb_text][\/et_pb_column][\/et_pb_row][et_pb_row _builder_version=&#8221;4.23.4&#8243; _module_preset=&#8221;default&#8221; custom_padding=&#8221;42px|||||&#8221; global_colors_info=&#8221;{}&#8221;][et_pb_column type=&#8221;4_4&#8243; _builder_version=&#8221;4.23.4&#8243; _module_preset=&#8221;default&#8221; global_colors_info=&#8221;{}&#8221;][et_pb_text _builder_version=&#8221;4.23.4&#8243; _module_preset=&#8221;default&#8221; text_font=&#8221;Alumni Sans|700|||||||&#8221; text_font_size=&#8221;39px&#8221; text_letter_spacing=&#8221;1px&#8221; header_font=&#8221;Alumni Sans|700|||||||&#8221; custom_padding=&#8221;20px||||false|false&#8221; global_colors_info=&#8221;{}&#8221;]<\/p>\n<p>IZVEDBA<\/p>\n<p>[\/et_pb_text][et_pb_text _builder_version=&#8221;4.23.4&#8243; _module_preset=&#8221;default&#8221; text_font=&#8221;Alumni Sans||||||||&#8221; text_font_size=&#8221;31px&#8221; text_letter_spacing=&#8221;2px&#8221; text_line_height=&#8221;1.1em&#8221; global_colors_info=&#8221;{}&#8221;]<\/p>\n<p>Na\u0161 tim izvodi instalaciju s precizno\u0161\u0107u, u\u010dinkovito\u0161\u0107u i sna\u017enim fokusom na sigurnost, osiguravaju\u0107i besprijekoran i siguran prijelaz na odr\u017eivu energiju za na\u0161e klijente.<\/p>\n<p>[\/et_pb_text][\/et_pb_column][\/et_pb_row][et_pb_row _builder_version=&#8221;4.23.4&#8243; _module_preset=&#8221;default&#8221; custom_padding=&#8221;42px|||||&#8221; global_colors_info=&#8221;{}&#8221;][et_pb_column type=&#8221;4_4&#8243; _builder_version=&#8221;4.23.4&#8243; _module_preset=&#8221;default&#8221; global_colors_info=&#8221;{}&#8221;][et_pb_text _builder_version=&#8221;4.23.4&#8243; _module_preset=&#8221;default&#8221; text_font=&#8221;Alumni Sans|700|||||||&#8221; text_font_size=&#8221;39px&#8221; text_letter_spacing=&#8221;1px&#8221; header_font=&#8221;Alumni Sans|700|||||||&#8221; custom_padding=&#8221;20px||||false|false&#8221; global_colors_info=&#8221;{}&#8221;]<\/p>\n<p>ODR\u017dAVANJE<\/p>\n<p>[\/et_pb_text][et_pb_text _builder_version=&#8221;4.23.4&#8243; _module_preset=&#8221;default&#8221; text_font=&#8221;Alumni Sans||||||||&#8221; text_font_size=&#8221;31px&#8221; text_letter_spacing=&#8221;2px&#8221; text_line_height=&#8221;1.1em&#8221; global_colors_info=&#8221;{}&#8221;]<\/p>\n<p>Uz na\u0161a jamstva, osiguravamo da va\u0161e solarno iskustvo bude bezbri\u017eno i uvijek u najboljem izdanju.Osim instalacije, nudimo vam i usluge redovitih provjera, \u010di\u0161\u0107enja i pra\u0107enja u stvarnom vremenu za optimalno funkcioniranje solarne elektrane.<\/p>\n<p>[\/et_pb_text][\/et_pb_column][\/et_pb_row][\/et_pb_section][et_pb_section fb_built=&#8221;1&#8243; fullwidth=&#8221;on&#8221; _builder_version=&#8221;4.23.4&#8243; _module_preset=&#8221;default&#8221; global_colors_info=&#8221;{}&#8221;][et_pb_fullwidth_image src=&#8221;https:\/\/luxovolt.com\/wp-content\/uploads\/2024\/01\/panel.jpg&#8221; title_text=&#8221;panel&#8221; _builder_version=&#8221;4.23.4&#8243; _module_preset=&#8221;default&#8221; global_colors_info=&#8221;{}&#8221;][\/et_pb_fullwidth_image][\/et_pb_section]<\/p>\n","protected":false},"excerpt":{"rendered":"<p>Od stru\u010dnog zastupanja i subvencije do besprijekorne instalacije, tu smo da transformiramo va\u0161u viziju solarne elektrane u stvarnost \u010diste energije. Pove\u0107ajte vrijednost svoje nekretnine i smanjite tro\u0161kove elektri\u010dne energije.SAVJETOVANJEAnaliziramo va\u0161e potrebe, pru\u017eamo financijske uvide i nudimo preporuke za energetsku u\u010dinkovitost. Na\u0161 cilj je osiguravati Vam nesmetan prijelaz na solarnu energiju i svjetliju, odr\u017eiviju budu\u0107nost.PROJEKTIRANJEUz va\u017ee\u0107u [&hellip;]<\/p>\n","protected":false},"author":1,"featured_media":0,"parent":0,"menu_order":0,"comment_status":"closed","ping_status":"closed","template":"","meta":{"_et_pb_use_builder":"on","_et_pb_old_content":"","_et_gb_content_width":"","footnotes":""},"class_list":["post-107","page","type-page","status-publish","hentry"],"_links":{"self":[{"href":"https:\/\/luxovolt.com\/index.php\/wp-json\/wp\/v2\/pages\/107","targetHints":{"allow":["GET"]}}],"collection":[{"href":"https:\/\/luxovolt.com\/index.php\/wp-json\/wp\/v2\/pages"}],"about":[{"href":"https:\/\/luxovolt.com\/index.php\/wp-json\/wp\/v2\/types\/page"}],"author":[{"embeddable":true,"href":"https:\/\/luxovolt.com\/index.php\/wp-json\/wp\/v2\/users\/1"}],"replies":[{"embeddable":true,"href":"https:\/\/luxovolt.com\/index.php\/wp-json\/wp\/v2\/comments?post=107"}],"version-history":[{"count":10,"href":"https:\/\/luxovolt.com\/index.php\/wp-json\/wp\/v2\/pages\/107\/revisions"}],"predecessor-version":[{"id":250,"href":"https:\/\/luxovolt.com\/index.php\/wp-json\/wp\/v2\/pages\/107\/revisions\/250"}],"wp:attachment":[{"href":"https:\/\/luxovolt.com\/index.php\/wp-json\/wp\/v2\/media?parent=107"}],"curies":[{"name":"wp","href":"https:\/\/api.w.org\/{rel}","templated":true}]}}